{"id":7584,"date":"2025-11-03T01:28:59","date_gmt":"2025-11-03T00:28:59","guid":{"rendered":"https:\/\/www.rainbowchannel.be\/?page_id=7584"},"modified":"2025-11-03T01:57:00","modified_gmt":"2025-11-03T00:57:00","slug":"services","status":"publish","type":"page","link":"https:\/\/www.rainbowchannel.be\/index.php\/services\/","title":{"rendered":"Services"},"content":{"rendered":"\t\t<div data-elementor-type=\"wp-page\" data-elementor-id=\"7584\" class=\"elementor elementor-7584\">\n\t\t\t\t\t\t\t        <section class=\"elementor-section elementor-top-section elementor-element elementor-element-ee88042 elementor-section-boxed elementor-section-height-default elementor-section-height-default\" data-id=\"ee88042\" data-element_type=\"section\">\n            \n                        <div class=\"elementor-container elementor-column-gap-default \">\n                    <div class=\"elementor-column elementor-col-100 elementor-top-column elementor-element elementor-element-995f9ba\" data-id=\"995f9ba\" data-element_type=\"column\">\n            <div class=\"elementor-widget-wrap elementor-element-populated\">\n                                <section class=\"elementor-section elementor-inner-section elementor-element elementor-element-3367c11 elementor-section-content-middle elementor-section-boxed elementor-section-height-default elementor-section-height-default\" data-id=\"3367c11\" data-element_type=\"section\">\n            \n                        <div class=\"elementor-container elementor-column-gap-extended \">\n                    <div class=\"elementor-column elementor-col-100 elementor-inner-column elementor-element elementor-element-a854f17\" data-id=\"a854f17\" data-element_type=\"column\">\n            <div class=\"elementor-widget-wrap elementor-element-populated\">\n                        \t\t<div class=\"elementor-element elementor-element-b404a85 elementor-widget elementor-widget-ct_heading\" data-id=\"b404a85\" data-element_type=\"widget\" data-widget_type=\"ct_heading.default\">\n\t\t\t\t<div class=\"elementor-widget-container\">\n\t\t\t<div class=\"ct-heading h-align- item-st-default\">\n\t\t\t<div class=\"item--sub-title style-divider-top\">\n            <span>\n                SERVICES            <\/span>\n        <\/div>\n\t    <h5 class=\"item--title case-animate-time st-default \" data-wow-delay=\"ms\">\n        <span>Quels que soient vos besoins, notre \u00e9quipe veille \u00e0 y r\u00e9pondre de mani\u00e8re rapide et pr\u00e9cise.<\/span>    <\/h5>\n<\/div>\n\n\t\t<\/div>\n\t\t\t\t<\/div>\n\t\t            <\/div>\n        <\/div>\n                            <\/div>\n        <\/section>\n        \t\t<div class=\"elementor-element elementor-element-c6cd220 elementor-widget-divider--view-line elementor-widget elementor-widget-divider\" data-id=\"c6cd220\" data-element_type=\"widget\" data-widget_type=\"divider.default\">\n\t\t\t\t<div class=\"elementor-widget-container\">\n\t\t\t\t\t<div class=\"elementor-divider\">\n\t\t\t<span class=\"elementor-divider-separator\">\n\t\t\t\t\t\t<\/span>\n\t\t<\/div>\n\t\t\t\t<\/div>\n\t\t\t\t<\/div>\n\t\t            <\/div>\n        <\/div>\n                            <\/div>\n        <\/section>\n                <section class=\"elementor-section elementor-top-section elementor-element elementor-element-f88582a elementor-section-boxed elementor-section-height-default elementor-section-height-default\" data-id=\"f88582a\" data-element_type=\"section\">\n            \n                        <div class=\"elementor-container elementor-column-gap-extended \">\n                    <div class=\"elementor-column elementor-col-50 elementor-top-column elementor-element elementor-element-ea11af3\" data-id=\"ea11af3\" data-element_type=\"column\">\n            <div class=\"elementor-widget-wrap elementor-element-populated\">\n                        \t\t<div class=\"elementor-element elementor-element-6c3080f elementor-widget elementor-widget-ct_heading\" data-id=\"6c3080f\" data-element_type=\"widget\" data-widget_type=\"ct_heading.default\">\n\t\t\t\t<div class=\"elementor-widget-container\">\n\t\t\t<div class=\"ct-heading h-align- item-st-default\">\n\t\t\t<div class=\"item--sub-title style-normal\">\n            <span>\n                ATELIER DE d\u00e9coupe            <\/span>\n        <\/div>\n\t    <h3 class=\"item--title case-animate-time st-default \" data-wow-delay=\"ms\">\n        <span class=\"slide-in-container\"><span class=\"d-inline-block wow case-fade-in-up\">Vos<\/span><\/span> <span class=\"slide-in-container\"><span class=\"d-inline-block wow case-fade-in-up\">panneaux<\/span><\/span> <span class=\"slide-in-container\"><span class=\"d-inline-block wow case-fade-in-up\">de<\/span><\/span> <span class=\"slide-in-container\"><span class=\"d-inline-block wow case-fade-in-up\">bois<\/span><\/span> <span class=\"slide-in-container\"><span class=\"d-inline-block wow case-fade-in-up\">sur<\/span><\/span> <span class=\"slide-in-container\"><span class=\"d-inline-block wow case-fade-in-up\">mesure<\/span><\/span>    <\/h3>\n<\/div>\n\n\t\t<\/div>\n\t\t\t\t<\/div>\n\t\t\t\t<div class=\"elementor-element elementor-element-20d1b14 elementor-widget elementor-widget-ct_text_editor\" data-id=\"20d1b14\" data-element_type=\"widget\" data-widget_type=\"ct_text_editor.default\">\n\t\t\t\t<div class=\"elementor-widget-container\">\n\t\t\t<div id=\"ct_text_editor-20d1b14\" class=\"ct-text-editor \" data-wow-delay=\"ms\">\n\t<div class=\"ct-inline-css\"  data-css=\"\n        \t\t\">\n\n    <\/div>\n\t<div class=\"ct-text-editor elementor-clearfix\">\n\t\t<p data-start=\"483\" data-end=\"641\">Nous proc\u00e9dons, dans notre atelier, \u00e0 la d\u00e9coupe sur mesure de vos panneaux de bois et ce, au millim\u00e8tre pr\u00e8s.<\/p>\t\t\n\t<\/div>\n<\/div>\t\t<\/div>\n\t\t\t\t<\/div>\n\t\t\t\t<div class=\"elementor-element elementor-element-efe2ce9 elementor-widget elementor-widget-ct_text_editor\" data-id=\"efe2ce9\" data-element_type=\"widget\" data-widget_type=\"ct_text_editor.default\">\n\t\t\t\t<div class=\"elementor-widget-container\">\n\t\t\t<div id=\"ct_text_editor-efe2ce9\" class=\"ct-text-editor \" data-wow-delay=\"ms\">\n\t<div class=\"ct-inline-css\"  data-css=\"\n        \t\t\">\n\n    <\/div>\n\t<div class=\"ct-text-editor elementor-clearfix\">\n\t\t<ul><li style=\"padding: 5px 0px 5px 20px;margin: 0px;border: 0px;background: url('images\/list_vert.svg') 0px 14px no-repeat\">Prise des mesures au millim\u00e8tre pr\u00e8s pour une d\u00e9coupe ultra pr\u00e9cise et adapt\u00e9e \u00e0 vos besoins<\/li><li style=\"padding: 5px 0px 5px 20px;margin: 0px;border: 0px;background: url('images\/list_vert.svg') 0px 14px no-repeat\">D\u00e9coupe minutieuse des panneaux \u00e0 l\u2019aide d\u2019outils \u00e0 la pointe<\/li><li style=\"padding: 5px 0px 5px 20px;margin: 0px;border: 0px;background: url('images\/list_vert.svg') 0px 14px no-repeat\">Collage des chants pour une uniformisation parfaite des panneaux d\u00e9coup\u00e9s<\/li><\/ul>\t\t\n\t<\/div>\n<\/div>\t\t<\/div>\n\t\t\t\t<\/div>\n\t\t            <\/div>\n        <\/div>\n                <div class=\"elementor-column elementor-col-50 elementor-top-column elementor-element elementor-element-7958add\" data-id=\"7958add\" data-element_type=\"column\">\n            <div class=\"elementor-widget-wrap elementor-element-populated\">\n                        \t\t<div class=\"elementor-element elementor-element-3bd6710 elementor-widget elementor-widget-ct_image\" data-id=\"3bd6710\" data-element_type=\"widget\" data-widget_type=\"ct_image.default\">\n\t\t\t\t<div class=\"elementor-widget-container\">\n\t\t\t<div class=\"ct-image-single  wow fadeInRight\">\n                        <img width=\"425\" height=\"283\" src=\"https:\/\/www.rainbowchannel.be\/wp-content\/uploads\/2025\/11\/decoupe_bois.jpg\" class=\"attachment-full\" alt=\"D\u00e9coupe\" \/>            <\/div>\t\t<\/div>\n\t\t\t\t<\/div>\n\t\t            <\/div>\n        <\/div>\n                            <\/div>\n        <\/section>\n                <section class=\"elementor-section elementor-top-section elementor-element elementor-element-62c48b2 elementor-section-boxed elementor-section-height-default elementor-section-height-default\" data-id=\"62c48b2\" data-element_type=\"section\">\n            \n                        <div class=\"elementor-container elementor-column-gap-default \">\n                    <div class=\"elementor-column elementor-col-100 elementor-top-column elementor-element elementor-element-4d3629b\" data-id=\"4d3629b\" data-element_type=\"column\">\n            <div class=\"elementor-widget-wrap elementor-element-populated\">\n                        \t\t<div class=\"elementor-element elementor-element-7eaa06b elementor-widget elementor-widget-ct_text_editor\" data-id=\"7eaa06b\" data-element_type=\"widget\" data-widget_type=\"ct_text_editor.default\">\n\t\t\t\t<div class=\"elementor-widget-container\">\n\t\t\t<div id=\"ct_text_editor-7eaa06b\" class=\"ct-text-editor \" data-wow-delay=\"ms\">\n\t<div class=\"ct-inline-css\"  data-css=\"\n        \t\t\">\n\n    <\/div>\n\t<div class=\"ct-text-editor elementor-clearfix\">\n\t\t<p data-start=\"483\" data-end=\"641\">Nous effectuons \u00e9galement le rabotage pr\u00e9cis de vos bois afin de vous permettre d&#8217;obtenir le calibre et la finition d\u00e9sir\u00e9e.\u00a0<\/p><p data-start=\"483\" data-end=\"641\">Tout est effectu\u00e9 avec la plus grande pr\u00e9cision, de sorte \u00e0 ce qu\u2019ils soient parfaitement lisses ou qu\u2019ils prennent certaines formes souhait\u00e9es.<\/p>\t\t\n\t<\/div>\n<\/div>\t\t<\/div>\n\t\t\t\t<\/div>\n\t\t            <\/div>\n        <\/div>\n                            <\/div>\n        <\/section>\n                <section class=\"elementor-section elementor-top-section elementor-element elementor-element-a9c4a36 elementor-section-boxed elementor-section-height-default elementor-section-height-default\" data-id=\"a9c4a36\" data-element_type=\"section\">\n            \n                        <div class=\"elementor-container elementor-column-gap-default \">\n                    <div class=\"elementor-column elementor-col-100 elementor-top-column elementor-element elementor-element-9fc2135\" data-id=\"9fc2135\" data-element_type=\"column\">\n            <div class=\"elementor-widget-wrap elementor-element-populated\">\n                        \t\t<div class=\"elementor-element elementor-element-47057b7 elementor-widget-divider--view-line elementor-widget elementor-widget-divider\" data-id=\"47057b7\" data-element_type=\"widget\" data-widget_type=\"divider.default\">\n\t\t\t\t<div class=\"elementor-widget-container\">\n\t\t\t\t\t<div class=\"elementor-divider\">\n\t\t\t<span class=\"elementor-divider-separator\">\n\t\t\t\t\t\t<\/span>\n\t\t<\/div>\n\t\t\t\t<\/div>\n\t\t\t\t<\/div>\n\t\t            <\/div>\n        <\/div>\n                            <\/div>\n        <\/section>\n                <section class=\"elementor-section elementor-top-section elementor-element elementor-element-8465bc2 elementor-section-boxed elementor-section-height-default elementor-section-height-default\" data-id=\"8465bc2\" data-element_type=\"section\">\n            \n                        <div class=\"elementor-container elementor-column-gap-extended \">\n                    <div class=\"elementor-column elementor-col-50 elementor-top-column elementor-element elementor-element-294ead4\" data-id=\"294ead4\" data-element_type=\"column\">\n            <div class=\"elementor-widget-wrap elementor-element-populated\">\n                        \t\t<div class=\"elementor-element elementor-element-86e0caa elementor-widget elementor-widget-ct_image\" data-id=\"86e0caa\" data-element_type=\"widget\" data-widget_type=\"ct_image.default\">\n\t\t\t\t<div class=\"elementor-widget-container\">\n\t\t\t<div class=\"ct-image-single  wow fadeInRight\">\n                        <img width=\"700\" height=\"700\" src=\"https:\/\/www.rainbowchannel.be\/wp-content\/uploads\/2025\/11\/camion-grue.jpg\" class=\"attachment-full\" alt=\"Camion Lecmat\" \/>            <\/div>\t\t<\/div>\n\t\t\t\t<\/div>\n\t\t            <\/div>\n        <\/div>\n                <div class=\"elementor-column elementor-col-50 elementor-top-column elementor-element elementor-element-78553b5\" data-id=\"78553b5\" data-element_type=\"column\">\n            <div class=\"elementor-widget-wrap elementor-element-populated\">\n                        \t\t<div class=\"elementor-element elementor-element-ecbcf1e elementor-widget elementor-widget-ct_heading\" data-id=\"ecbcf1e\" data-element_type=\"widget\" data-widget_type=\"ct_heading.default\">\n\t\t\t\t<div class=\"elementor-widget-container\">\n\t\t\t<div class=\"ct-heading h-align- item-st-default\">\n\t\t\t<div class=\"item--sub-title style-normal\">\n            <span>\n                LIVRAISON            <\/span>\n        <\/div>\n\t    <h3 class=\"item--title case-animate-time st-default \" data-wow-delay=\"ms\">\n        <span class=\"slide-in-container\"><span class=\"d-inline-block wow case-fade-in-up\">Votre<\/span><\/span> <span class=\"slide-in-container\"><span class=\"d-inline-block wow case-fade-in-up\">marchandise<\/span><\/span> <span class=\"slide-in-container\"><span class=\"d-inline-block wow case-fade-in-up\">livr\u00e9e<\/span><\/span> <span class=\"slide-in-container\"><span class=\"d-inline-block wow case-fade-in-up\">directement<\/span><\/span> <span class=\"slide-in-container\"><span class=\"d-inline-block wow case-fade-in-up\">sur<\/span><\/span> <span class=\"slide-in-container\"><span class=\"d-inline-block wow case-fade-in-up\">chantier<\/span><\/span>    <\/h3>\n<\/div>\n\n\t\t<\/div>\n\t\t\t\t<\/div>\n\t\t\t\t<div class=\"elementor-element elementor-element-74509dc elementor-widget elementor-widget-ct_text_editor\" data-id=\"74509dc\" data-element_type=\"widget\" data-widget_type=\"ct_text_editor.default\">\n\t\t\t\t<div class=\"elementor-widget-container\">\n\t\t\t<div id=\"ct_text_editor-74509dc\" class=\"ct-text-editor \" data-wow-delay=\"ms\">\n\t<div class=\"ct-inline-css\"  data-css=\"\n        \t\t\">\n\n    <\/div>\n\t<div class=\"ct-text-editor elementor-clearfix\">\n\t\t<p>Notre magasin dispose d&#8217;un camion-grue pour livrer \u00e0 votre domicile ou sur votre chantier les marchandises achet\u00e9es.<\/p><p>Du chargement de vos produits au d\u00e9chargement \u00e0 l\u2019adresse de votre choix, en passant par l\u2019acheminement, nous vous garantissons une livraison flexible et op\u00e9r\u00e9e en toute s\u00e9curit\u00e9.<\/p>\t\t\n\t<\/div>\n<\/div>\t\t<\/div>\n\t\t\t\t<\/div>\n\t\t            <\/div>\n        <\/div>\n                            <\/div>\n        <\/section>\n        \t\t\t\t\t<\/div>\n\t\t","protected":false},"excerpt":{"rendered":"<p>SERVICES Quels que soient vos besoins, notre \u00e9quipe veille \u00e0 y r\u00e9pondre de mani\u00e8re rapide et pr\u00e9cise. ATELIER DE d\u00e9coupe Vos panneaux de bois sur mesure Nous proc\u00e9dons, dans notre atelier, \u00e0 la d\u00e9coupe sur mesure de vos panneaux de bois et ce, au millim\u00e8tre pr\u00e8s. Prise des mesures au millim\u00e8tre pr\u00e8s pour une d\u00e9coupe [&hellip;]<\/p>\n","protected":false},"author":1,"featured_media":0,"parent":0,"menu_order":0,"comment_status":"closed","ping_status":"closed","template":"","meta":[],"_links":{"self":[{"href":"https:\/\/www.rainbowchannel.be\/index.php\/wp-json\/wp\/v2\/pages\/7584"}],"collection":[{"href":"https:\/\/www.rainbowchannel.be\/index.php\/wp-json\/wp\/v2\/pages"}],"about":[{"href":"https:\/\/www.rainbowchannel.be\/index.php\/wp-json\/wp\/v2\/types\/page"}],"author":[{"embeddable":true,"href":"https:\/\/www.rainbowchannel.be\/index.php\/wp-json\/wp\/v2\/users\/1"}],"replies":[{"embeddable":true,"href":"https:\/\/www.rainbowchannel.be\/index.php\/wp-json\/wp\/v2\/comments?post=7584"}],"version-history":[{"count":14,"href":"https:\/\/www.rainbowchannel.be\/index.php\/wp-json\/wp\/v2\/pages\/7584\/revisions"}],"predecessor-version":[{"id":7604,"href":"https:\/\/www.rainbowchannel.be\/index.php\/wp-json\/wp\/v2\/pages\/7584\/revisions\/7604"}],"wp:attachment":[{"href":"https:\/\/www.rainbowchannel.be\/index.php\/wp-json\/wp\/v2\/media?parent=7584"}],"curies":[{"name":"wp","href":"https:\/\/api.w.org\/{rel}","templated":true}]}}