{"id":7479,"date":"2025-11-02T20:38:57","date_gmt":"2025-11-02T19:38:57","guid":{"rendered":"https:\/\/www.rainbowchannel.be\/?page_id=7479"},"modified":"2025-11-03T01:53:08","modified_gmt":"2025-11-03T00:53:08","slug":"isolants","status":"publish","type":"page","link":"https:\/\/www.rainbowchannel.be\/index.php\/isolants\/","title":{"rendered":"Isolants"},"content":{"rendered":"\t\t<div data-elementor-type=\"wp-page\" data-elementor-id=\"7479\" class=\"elementor elementor-7479\">\n\t\t\t\t\t\t\t        <section class=\"elementor-section elementor-top-section elementor-element elementor-element-ee88042 elementor-section-boxed elementor-section-height-default elementor-section-height-default\" data-id=\"ee88042\" data-element_type=\"section\">\n            \n                        <div class=\"elementor-container elementor-column-gap-default \">\n                    <div class=\"elementor-column elementor-col-100 elementor-top-column elementor-element elementor-element-995f9ba\" data-id=\"995f9ba\" data-element_type=\"column\">\n            <div class=\"elementor-widget-wrap elementor-element-populated\">\n                                <section class=\"elementor-section elementor-inner-section elementor-element elementor-element-3367c11 elementor-section-content-middle elementor-section-boxed elementor-section-height-default elementor-section-height-default\" data-id=\"3367c11\" data-element_type=\"section\">\n            \n                        <div class=\"elementor-container elementor-column-gap-extended \">\n                    <div class=\"elementor-column elementor-col-100 elementor-inner-column elementor-element elementor-element-a854f17\" data-id=\"a854f17\" data-element_type=\"column\">\n            <div class=\"elementor-widget-wrap elementor-element-populated\">\n                        \t\t<div class=\"elementor-element elementor-element-b404a85 elementor-widget elementor-widget-ct_heading\" data-id=\"b404a85\" data-element_type=\"widget\" data-widget_type=\"ct_heading.default\">\n\t\t\t\t<div class=\"elementor-widget-container\">\n\t\t\t<div class=\"ct-heading h-align- item-st-default\">\n\t\t\t<div class=\"item--sub-title style-divider-top\">\n            <span>\n                TOUT POUR VOS TRAVAUX D&#039;ISOLATION            <\/span>\n        <\/div>\n\t    <h5 class=\"item--title case-animate-time st-default \" data-wow-delay=\"ms\">\n        <span>Notre \u00e9quipe vous aide \u00e0 selectionner l\u2019isolant le plus adapt\u00e9 \u00e0 votre habitation en fonction des travaux envisag\u00e9s et de votre budget.<\/span>    <\/h5>\n<\/div>\n\n\t\t<\/div>\n\t\t\t\t<\/div>\n\t\t            <\/div>\n        <\/div>\n                            <\/div>\n        <\/section>\n        \t\t<div class=\"elementor-element elementor-element-c6cd220 elementor-widget-divider--view-line elementor-widget elementor-widget-divider\" data-id=\"c6cd220\" data-element_type=\"widget\" data-widget_type=\"divider.default\">\n\t\t\t\t<div class=\"elementor-widget-container\">\n\t\t\t\t\t<div class=\"elementor-divider\">\n\t\t\t<span class=\"elementor-divider-separator\">\n\t\t\t\t\t\t<\/span>\n\t\t<\/div>\n\t\t\t\t<\/div>\n\t\t\t\t<\/div>\n\t\t            <\/div>\n        <\/div>\n                            <\/div>\n        <\/section>\n                <section class=\"elementor-section elementor-top-section elementor-element elementor-element-f88582a elementor-section-boxed elementor-section-height-default elementor-section-height-default\" data-id=\"f88582a\" data-element_type=\"section\">\n            \n                        <div class=\"elementor-container elementor-column-gap-extended \">\n                    <div class=\"elementor-column elementor-col-50 elementor-top-column elementor-element elementor-element-ea11af3\" data-id=\"ea11af3\" data-element_type=\"column\">\n            <div class=\"elementor-widget-wrap elementor-element-populated\">\n                        \t\t<div class=\"elementor-element elementor-element-6c3080f elementor-widget elementor-widget-ct_heading\" data-id=\"6c3080f\" data-element_type=\"widget\" data-widget_type=\"ct_heading.default\">\n\t\t\t\t<div class=\"elementor-widget-container\">\n\t\t\t<div class=\"ct-heading h-align- item-st-default\">\n\t\t\t<div class=\"item--sub-title style-normal\">\n            <span>\n                ISOLATION            <\/span>\n        <\/div>\n\t    <h3 class=\"item--title case-animate-time st-default \" data-wow-delay=\"ms\">\n        <span class=\"slide-in-container\"><span class=\"d-inline-block wow case-fade-in-up\">Thermique<\/span><\/span> <span class=\"slide-in-container\"><span class=\"d-inline-block wow case-fade-in-up\">-<\/span><\/span> <span class=\"slide-in-container\"><span class=\"d-inline-block wow case-fade-in-up\">Acoustique<\/span><\/span>    <\/h3>\n<\/div>\n\n\t\t<\/div>\n\t\t\t\t<\/div>\n\t\t\t\t<div class=\"elementor-element elementor-element-20d1b14 elementor-widget elementor-widget-ct_text_editor\" data-id=\"20d1b14\" data-element_type=\"widget\" data-widget_type=\"ct_text_editor.default\">\n\t\t\t\t<div class=\"elementor-widget-container\">\n\t\t\t<div id=\"ct_text_editor-20d1b14\" class=\"ct-text-editor \" data-wow-delay=\"ms\">\n\t<div class=\"ct-inline-css\"  data-css=\"\n        \t\t\">\n\n    <\/div>\n\t<div class=\"ct-text-editor elementor-clearfix\">\n\t\t<p data-start=\"483\" data-end=\"641\">L\u2019isolation thermique vise \u00e0 entourer le b\u00e2timent, partiellement ou enti\u00e8rement, de mat\u00e9riaux isolants install\u00e9s sur les parois internes ou externes \u2014 murs, plafonds et toiture.<\/p>\t\t\n\t<\/div>\n<\/div>\t\t<\/div>\n\t\t\t\t<\/div>\n\t\t\t\t<div class=\"elementor-element elementor-element-efe2ce9 elementor-widget elementor-widget-ct_text_editor\" data-id=\"efe2ce9\" data-element_type=\"widget\" data-widget_type=\"ct_text_editor.default\">\n\t\t\t\t<div class=\"elementor-widget-container\">\n\t\t\t<div id=\"ct_text_editor-efe2ce9\" class=\"ct-text-editor \" data-wow-delay=\"ms\">\n\t<div class=\"ct-inline-css\"  data-css=\"\n        \t\t\">\n\n    <\/div>\n\t<div class=\"ct-text-editor elementor-clearfix\">\n\t\t<p data-start=\"483\" data-end=\"641\">Ce proc\u00e9d\u00e9 offre plusieurs b\u00e9n\u00e9fices :<\/p><ul><li data-start=\"1404\" data-end=\"1491\"><strong data-start=\"1404\" data-end=\"1418\">\u00c9conomique<\/strong> : diminution des consommations \u00e9nerg\u00e9tiques et des co\u00fbts de chauffage.<\/li><li data-start=\"1494\" data-end=\"1571\"><strong data-start=\"1494\" data-end=\"1508\">\u00c9cologique<\/strong> : r\u00e9duction des pertes thermiques et de l\u2019empreinte carbone.<\/li><li data-start=\"1574\" data-end=\"1648\"><strong data-start=\"1574\" data-end=\"1589\">Confortable<\/strong> : maintien d\u2019une temp\u00e9rature agr\u00e9able en toutes saisons.<\/li><\/ul>\t\t\n\t<\/div>\n<\/div>\t\t<\/div>\n\t\t\t\t<\/div>\n\t\t\t\t<div class=\"elementor-element elementor-element-46513df elementor-widget elementor-widget-ct_text_editor\" data-id=\"46513df\" data-element_type=\"widget\" data-widget_type=\"ct_text_editor.default\">\n\t\t\t\t<div class=\"elementor-widget-container\">\n\t\t\t<div id=\"ct_text_editor-46513df\" class=\"ct-text-editor \" data-wow-delay=\"ms\">\n\t<div class=\"ct-inline-css\"  data-css=\"\n        \t\t\">\n\n    <\/div>\n\t<div class=\"ct-text-editor elementor-clearfix\">\n\t\t<p data-start=\"483\" data-end=\"641\">L\u2019isolation acoustique d\u2019un b\u00e2timent consiste \u00e0 employer des mat\u00e9riaux isolants pour limiter les nuisances sonores notamment ext\u00e9rieures.<\/p>\t\t\n\t<\/div>\n<\/div>\t\t<\/div>\n\t\t\t\t<\/div>\n\t\t            <\/div>\n        <\/div>\n                <div class=\"elementor-column elementor-col-50 elementor-top-column elementor-element elementor-element-7958add\" data-id=\"7958add\" data-element_type=\"column\">\n            <div class=\"elementor-widget-wrap elementor-element-populated\">\n                        \t\t<div class=\"elementor-element elementor-element-3bd6710 elementor-widget elementor-widget-ct_image\" data-id=\"3bd6710\" data-element_type=\"widget\" data-widget_type=\"ct_image.default\">\n\t\t\t\t<div class=\"elementor-widget-container\">\n\t\t\t<div class=\"ct-image-single  wow fadeInRight\">\n                        <img width=\"800\" height=\"534\" src=\"https:\/\/www.rainbowchannel.be\/wp-content\/uploads\/2025\/11\/isolation_habitat.jpg\" class=\"attachment-full\" alt=\"Isolation\" \/>            <\/div>\t\t<\/div>\n\t\t\t\t<\/div>\n\t\t            <\/div>\n        <\/div>\n                            <\/div>\n        <\/section>\n                <section class=\"elementor-section elementor-top-section elementor-element elementor-element-9079845 elementor-section-boxed elementor-section-height-default elementor-section-height-default\" data-id=\"9079845\" data-element_type=\"section\">\n            \n                        <div class=\"elementor-container elementor-column-gap-extended \">\n                    <div class=\"elementor-column elementor-col-50 elementor-top-column elementor-element elementor-element-f7c1222\" data-id=\"f7c1222\" data-element_type=\"column\">\n            <div class=\"elementor-widget-wrap elementor-element-populated\">\n                        \t\t<div class=\"elementor-element elementor-element-e4b1b36 elementor-widget elementor-widget-ct_heading\" data-id=\"e4b1b36\" data-element_type=\"widget\" data-widget_type=\"ct_heading.default\">\n\t\t\t\t<div class=\"elementor-widget-container\">\n\t\t\t<div class=\"ct-heading h-align- item-st-default\">\n\t\t\t<div class=\"item--sub-title style-box-gray\">\n            <span>\n                LAINE DE VERRE            <\/span>\n        <\/div>\n\t    <p class=\"item--title case-animate-time st-default \" data-wow-delay=\"ms\">\n        <span>La laine de verre est aujourd\u2019hui l\u2019un des isolants thermiques min\u00e9raux les plus utilis\u00e9s. Sa grande souplesse facilite la pose et permet des d\u00e9coupes pr\u00e9cises, assurant ainsi une excellente performance thermique.<\/span>    <\/p>\n<\/div>\n\n\t\t<\/div>\n\t\t\t\t<\/div>\n\t\t\t\t<div class=\"elementor-element elementor-element-58db143 elementor-widget elementor-widget-spacer\" data-id=\"58db143\" data-element_type=\"widget\" data-widget_type=\"spacer.default\">\n\t\t\t\t<div class=\"elementor-widget-container\">\n\t\t\t\t\t<div class=\"elementor-spacer\">\n\t\t\t<div class=\"elementor-spacer-inner\"><\/div>\n\t\t<\/div>\n\t\t\t\t<\/div>\n\t\t\t\t<\/div>\n\t\t\t\t<div class=\"elementor-element elementor-element-43fc0bf elementor-widget elementor-widget-ct_heading\" data-id=\"43fc0bf\" data-element_type=\"widget\" data-widget_type=\"ct_heading.default\">\n\t\t\t\t<div class=\"elementor-widget-container\">\n\t\t\t<div class=\"ct-heading h-align- item-st-default\">\n\t\t\t<div class=\"item--sub-title style-box-gray\">\n            <span>\n                LAINE DE ROCHE            <\/span>\n        <\/div>\n\t    <p class=\"item--title case-animate-time st-default \" data-wow-delay=\"ms\">\n        <span>La laine de roche est fabriqu\u00e9e \u00e0 partir du basalte de roche volcanique fondu. \nElle est 100% recyclable et poss\u00e8de plusieurs propri\u00e9t\u00e9s positives : isolation thermique, isolation acoustique, produit respectueux de l\u2019environnement, longue dur\u00e9e de vie, hydrofuge et ignifuge.<\/span>    <\/p>\n<\/div>\n\n\t\t<\/div>\n\t\t\t\t<\/div>\n\t\t\t\t<div class=\"elementor-element elementor-element-d6df931 elementor-widget elementor-widget-spacer\" data-id=\"d6df931\" data-element_type=\"widget\" data-widget_type=\"spacer.default\">\n\t\t\t\t<div class=\"elementor-widget-container\">\n\t\t\t\t\t<div class=\"elementor-spacer\">\n\t\t\t<div class=\"elementor-spacer-inner\"><\/div>\n\t\t<\/div>\n\t\t\t\t<\/div>\n\t\t\t\t<\/div>\n\t\t\t\t<div class=\"elementor-element elementor-element-bf4d4a8 elementor-widget elementor-widget-ct_heading\" data-id=\"bf4d4a8\" data-element_type=\"widget\" data-widget_type=\"ct_heading.default\">\n\t\t\t\t<div class=\"elementor-widget-container\">\n\t\t\t<div class=\"ct-heading h-align- item-st-default\">\n\t\t\t<div class=\"item--sub-title style-box-gray\">\n            <span>\n                FIBRE DE BOIS            <\/span>\n        <\/div>\n\t    <p class=\"item--title case-animate-time st-default \" data-wow-delay=\"ms\">\n        <span>Le choix d'une isolation en fibres de bois signifie que l'on travaille avec un produit de haute qualit\u00e9, respectueux de l'environnement et multifonctionnel. Outre une excellente isolation thermique et acoustique, cet isolant offre \u00e9galement des propri\u00e9t\u00e9s de ventilation et de purification de l'air remarquables.<\/span>    <\/p>\n<\/div>\n\n\t\t<\/div>\n\t\t\t\t<\/div>\n\t\t            <\/div>\n        <\/div>\n                <div class=\"elementor-column elementor-col-50 elementor-top-column elementor-element elementor-element-3dd9242\" data-id=\"3dd9242\" data-element_type=\"column\">\n            <div class=\"elementor-widget-wrap elementor-element-populated\">\n                        \t\t<div class=\"elementor-element elementor-element-92e2ef7 elementor-widget elementor-widget-ct_image\" data-id=\"92e2ef7\" data-element_type=\"widget\" data-widget_type=\"ct_image.default\">\n\t\t\t\t<div class=\"elementor-widget-container\">\n\t\t\t<div class=\"ct-image-single  wow fadeInRight\">\n                        <img width=\"670\" height=\"576\" src=\"https:\/\/www.rainbowchannel.be\/wp-content\/uploads\/2025\/11\/multi-isolants.png\" class=\"attachment-full\" alt=\"\" \/>            <\/div>\t\t<\/div>\n\t\t\t\t<\/div>\n\t\t            <\/div>\n        <\/div>\n                            <\/div>\n        <\/section>\n        \t\t\t\t\t<\/div>\n\t\t","protected":false},"excerpt":{"rendered":"<p>TOUT POUR VOS TRAVAUX D&#8217;ISOLATION Notre \u00e9quipe vous aide \u00e0 selectionner l\u2019isolant le plus adapt\u00e9 \u00e0 votre habitation en fonction des travaux envisag\u00e9s et de votre budget. ISOLATION Thermique &#8211; Acoustique L\u2019isolation thermique vise \u00e0 entourer le b\u00e2timent, partiellement ou enti\u00e8rement, de mat\u00e9riaux isolants install\u00e9s sur les parois internes ou externes \u2014 murs, plafonds et [&hellip;]<\/p>\n","protected":false},"author":1,"featured_media":0,"parent":0,"menu_order":0,"comment_status":"closed","ping_status":"closed","template":"","meta":[],"_links":{"self":[{"href":"https:\/\/www.rainbowchannel.be\/index.php\/wp-json\/wp\/v2\/pages\/7479"}],"collection":[{"href":"https:\/\/www.rainbowchannel.be\/index.php\/wp-json\/wp\/v2\/pages"}],"about":[{"href":"https:\/\/www.rainbowchannel.be\/index.php\/wp-json\/wp\/v2\/types\/page"}],"author":[{"embeddable":true,"href":"https:\/\/www.rainbowchannel.be\/index.php\/wp-json\/wp\/v2\/users\/1"}],"replies":[{"embeddable":true,"href":"https:\/\/www.rainbowchannel.be\/index.php\/wp-json\/wp\/v2\/comments?post=7479"}],"version-history":[{"count":11,"href":"https:\/\/www.rainbowchannel.be\/index.php\/wp-json\/wp\/v2\/pages\/7479\/revisions"}],"predecessor-version":[{"id":7601,"href":"https:\/\/www.rainbowchannel.be\/index.php\/wp-json\/wp\/v2\/pages\/7479\/revisions\/7601"}],"wp:attachment":[{"href":"https:\/\/www.rainbowchannel.be\/index.php\/wp-json\/wp\/v2\/media?parent=7479"}],"curies":[{"name":"wp","href":"https:\/\/api.w.org\/{rel}","templated":true}]}}