{"id":5473,"date":"2021-02-23T08:34:42","date_gmt":"2021-02-23T08:34:42","guid":{"rendered":"https:\/\/demo.casethemes.net\/intime\/?page_id=5473"},"modified":"2025-11-03T01:55:26","modified_gmt":"2025-11-03T00:55:26","slug":"toiture","status":"publish","type":"page","link":"https:\/\/www.rainbowchannel.be\/index.php\/toiture\/","title":{"rendered":"Toiture"},"content":{"rendered":"\t\t<div data-elementor-type=\"wp-page\" data-elementor-id=\"5473\" class=\"elementor elementor-5473\">\n\t\t\t\t\t\t\t        <section class=\"elementor-section elementor-top-section elementor-element elementor-element-ee88042 elementor-section-boxed elementor-section-height-default elementor-section-height-default\" data-id=\"ee88042\" data-element_type=\"section\">\n            \n                        <div class=\"elementor-container elementor-column-gap-default \">\n                    <div class=\"elementor-column elementor-col-100 elementor-top-column elementor-element elementor-element-995f9ba\" data-id=\"995f9ba\" data-element_type=\"column\">\n            <div class=\"elementor-widget-wrap elementor-element-populated\">\n                                <section class=\"elementor-section elementor-inner-section elementor-element elementor-element-3367c11 elementor-section-content-middle elementor-section-boxed elementor-section-height-default elementor-section-height-default\" data-id=\"3367c11\" data-element_type=\"section\">\n            \n                        <div class=\"elementor-container elementor-column-gap-extended \">\n                    <div class=\"elementor-column elementor-col-100 elementor-inner-column elementor-element elementor-element-a854f17\" data-id=\"a854f17\" data-element_type=\"column\">\n            <div class=\"elementor-widget-wrap elementor-element-populated\">\n                        \t\t<div class=\"elementor-element elementor-element-b404a85 elementor-widget elementor-widget-ct_heading\" data-id=\"b404a85\" data-element_type=\"widget\" data-widget_type=\"ct_heading.default\">\n\t\t\t\t<div class=\"elementor-widget-container\">\n\t\t\t<div class=\"ct-heading h-align- item-st-default\">\n\t\t\t<div class=\"item--sub-title style-divider-top\">\n            <span>\n                TOUT POUR VOTRE TOITURE            <\/span>\n        <\/div>\n\t    <h5 class=\"item--title case-animate-time st-default \" data-wow-delay=\"ms\">\n        <span>Construisez votre toiture en toute s\u00e9r\u00e9nit\u00e9 : rev\u00eatements et fen\u00eatres de toit, avec l\u2019expertise Lecmat.<\/span>    <\/h5>\n<\/div>\n\n\t\t<\/div>\n\t\t\t\t<\/div>\n\t\t            <\/div>\n        <\/div>\n                            <\/div>\n        <\/section>\n        \t\t<div class=\"elementor-element elementor-element-c6cd220 elementor-widget-divider--view-line elementor-widget elementor-widget-divider\" data-id=\"c6cd220\" data-element_type=\"widget\" data-widget_type=\"divider.default\">\n\t\t\t\t<div class=\"elementor-widget-container\">\n\t\t\t\t\t<div class=\"elementor-divider\">\n\t\t\t<span class=\"elementor-divider-separator\">\n\t\t\t\t\t\t<\/span>\n\t\t<\/div>\n\t\t\t\t<\/div>\n\t\t\t\t<\/div>\n\t\t            <\/div>\n        <\/div>\n                            <\/div>\n        <\/section>\n                <section class=\"elementor-section elementor-top-section elementor-element elementor-element-f88582a elementor-section-boxed elementor-section-height-default elementor-section-height-default\" data-id=\"f88582a\" data-element_type=\"section\">\n            \n                        <div class=\"elementor-container elementor-column-gap-extended \">\n                    <div class=\"elementor-column elementor-col-50 elementor-top-column elementor-element elementor-element-ea11af3\" data-id=\"ea11af3\" data-element_type=\"column\">\n            <div class=\"elementor-widget-wrap elementor-element-populated\">\n                        \t\t<div class=\"elementor-element elementor-element-6c3080f elementor-widget elementor-widget-ct_heading\" data-id=\"6c3080f\" data-element_type=\"widget\" data-widget_type=\"ct_heading.default\">\n\t\t\t\t<div class=\"elementor-widget-container\">\n\t\t\t<div class=\"ct-heading h-align- item-st-default\">\n\t\t\t<div class=\"item--sub-title style-normal\">\n            <span>\n                ROOFING            <\/span>\n        <\/div>\n\t    <h3 class=\"item--title case-animate-time st-default \" data-wow-delay=\"ms\">\n        <span class=\"slide-in-container\"><span class=\"d-inline-block wow case-fade-in-up\">Pour<\/span><\/span> <span class=\"slide-in-container\"><span class=\"d-inline-block wow case-fade-in-up\">une<\/span><\/span> <span class=\"slide-in-container\"><span class=\"d-inline-block wow case-fade-in-up\">protection<\/span><\/span> <span class=\"slide-in-container\"><span class=\"d-inline-block wow case-fade-in-up\">optimale<\/span><\/span>    <\/h3>\n<\/div>\n\n\t\t<\/div>\n\t\t\t\t<\/div>\n\t\t\t\t<div class=\"elementor-element elementor-element-20d1b14 elementor-widget elementor-widget-ct_text_editor\" data-id=\"20d1b14\" data-element_type=\"widget\" data-widget_type=\"ct_text_editor.default\">\n\t\t\t\t<div class=\"elementor-widget-container\">\n\t\t\t<div id=\"ct_text_editor-20d1b14\" class=\"ct-text-editor \" data-wow-delay=\"ms\">\n\t<div class=\"ct-inline-css\"  data-css=\"\n        \t\t\">\n\n    <\/div>\n\t<div class=\"ct-text-editor elementor-clearfix\">\n\t\t<p data-start=\"483\" data-end=\"641\">Prot\u00e9gez efficacement votre toiture avec notre rev\u00eatement en roofing, facile \u00e0 poser et offrant :<\/p>\t\t\n\t<\/div>\n<\/div>\t\t<\/div>\n\t\t\t\t<\/div>\n\t\t        <section class=\"elementor-section elementor-inner-section elementor-element elementor-element-77b36a7 elementor-section-boxed elementor-section-height-default elementor-section-height-default\" data-id=\"77b36a7\" data-element_type=\"section\">\n            \n                        <div class=\"elementor-container elementor-column-gap-extended \">\n                    <div class=\"elementor-column elementor-col-100 elementor-inner-column elementor-element elementor-element-643f2ce\" data-id=\"643f2ce\" data-element_type=\"column\">\n            <div class=\"elementor-widget-wrap elementor-element-populated\">\n                        \t\t<div class=\"elementor-element elementor-element-530628f elementor-widget elementor-widget-ct_list\" data-id=\"530628f\" data-element_type=\"widget\" data-widget_type=\"ct_list.default\">\n\t\t\t\t<div class=\"elementor-widget-container\">\n\t\t\t    <div class=\"ct-list\">\n                    <div class=\"ct-list-item \">\n                                    <div class=\"ct-list-icon\">\n                        <i aria-hidden=\"true\" class=\"fas fa-check\"><\/i>                    <\/div>\n                            \t<div class=\"ct-list-content\">\n\t            \t<b>Un excellent rapport qualit\u00e9\/prix<\/b>\t            <\/div>\n           <\/div>\n                    <div class=\"ct-list-item \">\n                                    <div class=\"ct-list-icon\">\n                        <i aria-hidden=\"true\" class=\"fas fa-check\"><\/i>                    <\/div>\n                            \t<div class=\"ct-list-content\">\n\t            \t<b>Une r\u00e9sistance maximale \u00e0 l\u2019humidit\u00e9<\/b>\t            <\/div>\n           <\/div>\n                    <div class=\"ct-list-item \">\n                                    <div class=\"ct-list-icon\">\n                        <i aria-hidden=\"true\" class=\"fas fa-check\"><\/i>                    <\/div>\n                            \t<div class=\"ct-list-content\">\n\t            \t<b>Une solidit\u00e9 durable<\/b>\t            <\/div>\n           <\/div>\n            <\/div>\n\t\t<\/div>\n\t\t\t\t<\/div>\n\t\t            <\/div>\n        <\/div>\n                            <\/div>\n        <\/section>\n        \t\t<div class=\"elementor-element elementor-element-efe2ce9 elementor-widget elementor-widget-ct_text_editor\" data-id=\"efe2ce9\" data-element_type=\"widget\" data-widget_type=\"ct_text_editor.default\">\n\t\t\t\t<div class=\"elementor-widget-container\">\n\t\t\t<div id=\"ct_text_editor-efe2ce9\" class=\"ct-text-editor \" data-wow-delay=\"ms\">\n\t<div class=\"ct-inline-css\"  data-css=\"\n        \t\t\">\n\n    <\/div>\n\t<div class=\"ct-text-editor elementor-clearfix\">\n\t\t<p data-start=\"483\" data-end=\"641\">Notre \u00e9quipe de professionnels est \u00e0 votre \u00e9coute pour toute questions concernant nos produits.<\/p>\t\t\n\t<\/div>\n<\/div>\t\t<\/div>\n\t\t\t\t<\/div>\n\t\t            <\/div>\n        <\/div>\n                <div class=\"elementor-column elementor-col-50 elementor-top-column elementor-element elementor-element-7958add\" data-id=\"7958add\" data-element_type=\"column\">\n            <div class=\"elementor-widget-wrap elementor-element-populated\">\n                        \t\t<div class=\"elementor-element elementor-element-3bd6710 elementor-widget elementor-widget-ct_image\" data-id=\"3bd6710\" data-element_type=\"widget\" data-widget_type=\"ct_image.default\">\n\t\t\t\t<div class=\"elementor-widget-container\">\n\t\t\t<div class=\"ct-image-single  wow fadeInRight\">\n                        <img width=\"960\" height=\"720\" src=\"https:\/\/www.rainbowchannel.be\/wp-content\/uploads\/2025\/11\/roofing.jpg\" class=\"attachment-full\" alt=\"Roofing\" \/>            <\/div>\t\t<\/div>\n\t\t\t\t<\/div>\n\t\t            <\/div>\n        <\/div>\n                            <\/div>\n        <\/section>\n                <section class=\"elementor-section elementor-top-section elementor-element elementor-element-b951a26 elementor-section-boxed elementor-section-height-default elementor-section-height-default\" data-id=\"b951a26\" data-element_type=\"section\">\n            \n                        <div class=\"elementor-container elementor-column-gap-default \">\n                    <div class=\"elementor-column elementor-col-100 elementor-top-column elementor-element elementor-element-2ba987a\" data-id=\"2ba987a\" data-element_type=\"column\">\n            <div class=\"elementor-widget-wrap elementor-element-populated\">\n                        \t\t<div class=\"elementor-element elementor-element-2ad8fa9 elementor-widget-divider--view-line elementor-widget elementor-widget-divider\" data-id=\"2ad8fa9\" data-element_type=\"widget\" data-widget_type=\"divider.default\">\n\t\t\t\t<div class=\"elementor-widget-container\">\n\t\t\t\t\t<div class=\"elementor-divider\">\n\t\t\t<span class=\"elementor-divider-separator\">\n\t\t\t\t\t\t<\/span>\n\t\t<\/div>\n\t\t\t\t<\/div>\n\t\t\t\t<\/div>\n\t\t            <\/div>\n        <\/div>\n                            <\/div>\n        <\/section>\n                <section class=\"elementor-section elementor-top-section elementor-element elementor-element-8fd2885 elementor-section-boxed elementor-section-height-default elementor-section-height-default\" data-id=\"8fd2885\" data-element_type=\"section\">\n            \n                        <div class=\"elementor-container elementor-column-gap-extended \">\n                    <div class=\"elementor-column elementor-col-50 elementor-top-column elementor-element elementor-element-2aacd8d\" data-id=\"2aacd8d\" data-element_type=\"column\">\n            <div class=\"elementor-widget-wrap elementor-element-populated\">\n                        \t\t<div class=\"elementor-element elementor-element-bb02ac2 elementor-widget elementor-widget-ct_image\" data-id=\"bb02ac2\" data-element_type=\"widget\" data-widget_type=\"ct_image.default\">\n\t\t\t\t<div class=\"elementor-widget-container\">\n\t\t\t<div class=\"ct-image-single  wow fadeInRight\">\n                        <img width=\"600\" height=\"600\" src=\"https:\/\/www.rainbowchannel.be\/wp-content\/uploads\/2025\/11\/velux.jpg\" class=\"attachment-full\" alt=\"Velux\" \/>            <\/div>\t\t<\/div>\n\t\t\t\t<\/div>\n\t\t            <\/div>\n        <\/div>\n                <div class=\"elementor-column elementor-col-50 elementor-top-column elementor-element elementor-element-3ef2aba\" data-id=\"3ef2aba\" data-element_type=\"column\">\n            <div class=\"elementor-widget-wrap elementor-element-populated\">\n                        \t\t<div class=\"elementor-element elementor-element-c3e732e elementor-widget elementor-widget-ct_heading\" data-id=\"c3e732e\" data-element_type=\"widget\" data-widget_type=\"ct_heading.default\">\n\t\t\t\t<div class=\"elementor-widget-container\">\n\t\t\t<div class=\"ct-heading h-align- item-st-default\">\n\t\t\t<div class=\"item--sub-title style-normal\">\n            <span>\n                Velux            <\/span>\n        <\/div>\n\t    <h3 class=\"item--title case-animate-time st-default \" data-wow-delay=\"ms\">\n        <span class=\"slide-in-container\"><span class=\"d-inline-block wow case-fade-in-up\">Transformez<\/span><\/span> <span class=\"slide-in-container\"><span class=\"d-inline-block wow case-fade-in-up\">vos<\/span><\/span> <span class=\"slide-in-container\"><span class=\"d-inline-block wow case-fade-in-up\">espaces<\/span><\/span> <span class=\"slide-in-container\"><span class=\"d-inline-block wow case-fade-in-up\">gr\u00e2ce<\/span><\/span> <span class=\"slide-in-container\"><span class=\"d-inline-block wow case-fade-in-up\">\u00e0<\/span><\/span> <span class=\"slide-in-container\"><span class=\"d-inline-block wow case-fade-in-up\">la<\/span><\/span> <span class=\"slide-in-container\"><span class=\"d-inline-block wow case-fade-in-up\">lumi\u00e8re<\/span><\/span> <span class=\"slide-in-container\"><span class=\"d-inline-block wow case-fade-in-up\">du<\/span><\/span> <span class=\"slide-in-container\"><span class=\"d-inline-block wow case-fade-in-up\">jour<\/span><\/span>    <\/h3>\n<\/div>\n\n\t\t<\/div>\n\t\t\t\t<\/div>\n\t\t\t\t<div class=\"elementor-element elementor-element-d8a88c4 elementor-widget elementor-widget-ct_text_editor\" data-id=\"d8a88c4\" data-element_type=\"widget\" data-widget_type=\"ct_text_editor.default\">\n\t\t\t\t<div class=\"elementor-widget-container\">\n\t\t\t<div id=\"ct_text_editor-d8a88c4\" class=\"ct-text-editor \" data-wow-delay=\"ms\">\n\t<div class=\"ct-inline-css\"  data-css=\"\n        \t\t\">\n\n    <\/div>\n\t<div class=\"ct-text-editor elementor-clearfix\">\n\t\t\u00c0 la recherche d\u2019une solution qui apporte une belle luminosit\u00e9?\n<br \/>\nD\u00e9couvrez notre gamme de Velux :\t\t\n\t<\/div>\n<\/div>\t\t<\/div>\n\t\t\t\t<\/div>\n\t\t        <section class=\"elementor-section elementor-inner-section elementor-element elementor-element-3164574 elementor-section-boxed elementor-section-height-default elementor-section-height-default\" data-id=\"3164574\" data-element_type=\"section\">\n            \n                        <div class=\"elementor-container elementor-column-gap-extended \">\n                    <div class=\"elementor-column elementor-col-100 elementor-inner-column elementor-element elementor-element-b95c4e7\" data-id=\"b95c4e7\" data-element_type=\"column\">\n            <div class=\"elementor-widget-wrap elementor-element-populated\">\n                        \t\t<div class=\"elementor-element elementor-element-e55dc6d elementor-widget elementor-widget-ct_list\" data-id=\"e55dc6d\" data-element_type=\"widget\" data-widget_type=\"ct_list.default\">\n\t\t\t\t<div class=\"elementor-widget-container\">\n\t\t\t    <div class=\"ct-list\">\n                    <div class=\"ct-list-item \">\n                                    <div class=\"ct-list-icon\">\n                        <i aria-hidden=\"true\" class=\"fas fa-check\"><\/i>                    <\/div>\n                            \t<div class=\"ct-list-content\">\n\t            \t<b>Fen\u00eatres pour toits plats<\/b>\t            <\/div>\n           <\/div>\n                    <div class=\"ct-list-item \">\n                                    <div class=\"ct-list-icon\">\n                        <i aria-hidden=\"true\" class=\"fas fa-check\"><\/i>                    <\/div>\n                            \t<div class=\"ct-list-content\">\n\t            \t<b>Fen\u00eatres pour toits inclin\u00e9s<\/b>\t            <\/div>\n           <\/div>\n                    <div class=\"ct-list-item \">\n                                    <div class=\"ct-list-icon\">\n                        <i aria-hidden=\"true\" class=\"fas fa-check\"><\/i>                    <\/div>\n                            \t<div class=\"ct-list-content\">\n\t            \t<b>Fen\u00eatres et coupoles exutoires de fum\u00e9e<\/b>\t            <\/div>\n           <\/div>\n            <\/div>\n\t\t<\/div>\n\t\t\t\t<\/div>\n\t\t            <\/div>\n        <\/div>\n                            <\/div>\n        <\/section>\n        \t\t<div class=\"elementor-element elementor-element-ddf5d76 elementor-widget elementor-widget-ct_text_editor\" data-id=\"ddf5d76\" data-element_type=\"widget\" data-widget_type=\"ct_text_editor.default\">\n\t\t\t\t<div class=\"elementor-widget-container\">\n\t\t\t<div id=\"ct_text_editor-ddf5d76\" class=\"ct-text-editor \" data-wow-delay=\"ms\">\n\t<div class=\"ct-inline-css\"  data-css=\"\n        \t\t\">\n\n    <\/div>\n\t<div class=\"ct-text-editor elementor-clearfix\">\n\t\t<p>N&#8217;h\u00e9sitez pas \u00e0 nous contacter, nous sommes l\u00e0 pour vous aider \u00e0 concevoir la solution de lumi\u00e8re naturelle la plus adapt\u00e9e \u00e0 votre projet.<\/p>\t\t\n\t<\/div>\n<\/div>\t\t<\/div>\n\t\t\t\t<\/div>\n\t\t            <\/div>\n        <\/div>\n                            <\/div>\n        <\/section>\n        \t\t\t\t\t<\/div>\n\t\t","protected":false},"excerpt":{"rendered":"<p>TOUT POUR VOTRE TOITURE Construisez votre toiture en toute s\u00e9r\u00e9nit\u00e9 : rev\u00eatements et fen\u00eatres de toit, avec l\u2019expertise Lecmat. ROOFING Pour une protection optimale Prot\u00e9gez efficacement votre toiture avec notre rev\u00eatement en roofing, facile \u00e0 poser et offrant : Un excellent rapport qualit\u00e9\/prix Une r\u00e9sistance maximale \u00e0 l\u2019humidit\u00e9 Une solidit\u00e9 durable Notre \u00e9quipe de professionnels [&hellip;]<\/p>\n","protected":false},"author":1,"featured_media":0,"parent":0,"menu_order":0,"comment_status":"closed","ping_status":"closed","template":"","meta":[],"_links":{"self":[{"href":"https:\/\/www.rainbowchannel.be\/index.php\/wp-json\/wp\/v2\/pages\/5473"}],"collection":[{"href":"https:\/\/www.rainbowchannel.be\/index.php\/wp-json\/wp\/v2\/pages"}],"about":[{"href":"https:\/\/www.rainbowchannel.be\/index.php\/wp-json\/wp\/v2\/types\/page"}],"author":[{"embeddable":true,"href":"https:\/\/www.rainbowchannel.be\/index.php\/wp-json\/wp\/v2\/users\/1"}],"replies":[{"embeddable":true,"href":"https:\/\/www.rainbowchannel.be\/index.php\/wp-json\/wp\/v2\/comments?post=5473"}],"version-history":[{"count":54,"href":"https:\/\/www.rainbowchannel.be\/index.php\/wp-json\/wp\/v2\/pages\/5473\/revisions"}],"predecessor-version":[{"id":7568,"href":"https:\/\/www.rainbowchannel.be\/index.php\/wp-json\/wp\/v2\/pages\/5473\/revisions\/7568"}],"wp:attachment":[{"href":"https:\/\/www.rainbowchannel.be\/index.php\/wp-json\/wp\/v2\/media?parent=5473"}],"curies":[{"name":"wp","href":"https:\/\/api.w.org\/{rel}","templated":true}]}}