{"id":25,"date":"2020-11-06T06:46:00","date_gmt":"2020-11-06T06:46:00","guid":{"rendered":"https:\/\/demo.casethemes.net\/intime\/?page_id=25"},"modified":"2025-11-03T01:58:31","modified_gmt":"2025-11-03T00:58:31","slug":"contact","status":"publish","type":"page","link":"https:\/\/www.rainbowchannel.be\/index.php\/contact\/","title":{"rendered":"Contact"},"content":{"rendered":"\t\t<div data-elementor-type=\"wp-page\" data-elementor-id=\"25\" class=\"elementor elementor-25\">\n\t\t\t\t\t\t\t        <section class=\"elementor-section elementor-top-section elementor-element elementor-element-7a9fd1bf elementor-section-stretched elementor-section-boxed elementor-section-height-default elementor-section-height-default\" data-id=\"7a9fd1bf\" data-element_type=\"section\" data-settings=\"{&quot;stretch_section&quot;:&quot;section-stretched&quot;,&quot;background_background&quot;:&quot;classic&quot;}\">\n            \n                        <div class=\"elementor-container elementor-column-gap-extended \">\n                    <div class=\"elementor-column elementor-col-100 elementor-top-column elementor-element elementor-element-26f38106\" data-id=\"26f38106\" data-element_type=\"column\">\n            <div class=\"elementor-widget-wrap elementor-element-populated\">\n                                <section class=\"elementor-section elementor-inner-section elementor-element elementor-element-56464b89 elementor-section-content-middle elementor-section-boxed elementor-section-height-default elementor-section-height-default\" data-id=\"56464b89\" data-element_type=\"section\">\n            \n                        <div class=\"elementor-container elementor-column-gap-extended \">\n                    <div class=\"elementor-column elementor-col-50 elementor-inner-column elementor-element elementor-element-673df171\" data-id=\"673df171\" data-element_type=\"column\">\n            <div class=\"elementor-widget-wrap elementor-element-populated\">\n                        \t\t<div class=\"elementor-element elementor-element-3cd2e102 elementor-widget elementor-widget-ct_heading\" data-id=\"3cd2e102\" data-element_type=\"widget\" data-widget_type=\"ct_heading.default\">\n\t\t\t\t<div class=\"elementor-widget-container\">\n\t\t\t<div class=\"ct-heading h-align- item-st-default\">\n\t\t\t<div class=\"item--sub-title style-default\">\n            <span>\n                Contactez-nous            <\/span>\n        <\/div>\n\t    <h3 class=\"item--title case-animate-time st-default \" data-wow-delay=\"ms\">\n        <span>Besoin d\u2019une information ou d\u2019un devis sur-mesure ?<\/span>    <\/h3>\n<\/div>\n\n\t\t<\/div>\n\t\t\t\t<\/div>\n\t\t\t\t<div class=\"elementor-element elementor-element-6fc40edf elementor-widget elementor-widget-ct_text_editor\" data-id=\"6fc40edf\" data-element_type=\"widget\" data-widget_type=\"ct_text_editor.default\">\n\t\t\t\t<div class=\"elementor-widget-container\">\n\t\t\t<div id=\"ct_text_editor-6fc40edf\" class=\"ct-text-editor \" data-wow-delay=\"ms\">\n\t<div class=\"ct-inline-css\"  data-css=\"\n        \t\t\">\n\n    <\/div>\n\t<div class=\"ct-text-editor elementor-clearfix\">\n\t\tNotre \u00e9quipe de professionnels reste \u00e0 votre disposition pour r\u00e9pondre \u00e0 toutes vos questions. <br>Compl\u00e9tez le formulaire de contact ci-contre :\t\t\n\t<\/div>\n<\/div>\t\t<\/div>\n\t\t\t\t<\/div>\n\t\t\t\t<div class=\"elementor-element elementor-element-38eab84 elementor-widget elementor-widget-ct_contact_info\" data-id=\"38eab84\" data-element_type=\"widget\" data-widget_type=\"ct_contact_info.default\">\n\t\t\t\t<div class=\"elementor-widget-container\">\n\t\t\t    <div class=\"ct-inline-css\"  data-css=\"\n        \">\n    <\/div>\n    <ul id=\"ct_contact_info-38eab84\" class=\"ct-contact-info ct-contact-info1 \" data-wow-duration=\"1.2s\">\n                    <li>\n            \t\t\t\t        <span class=\"ct-contact-icon\">\n\t\t                <i aria-hidden=\"true\" class=\"fas fa-phone-alt\"><\/i>\t\t                \t\t\t        <\/span>\n\t\t\t                                    <span class=\"ct-contact-content\">\n            \t   +32 4 277 02 81                <\/span>\n           <\/li>\n                    <li>\n            \t\t\t\t        <span class=\"ct-contact-icon\">\n\t\t                <i aria-hidden=\"true\" class=\"material zmdi zmdi-email\"><\/i>\t\t                \t\t\t        <\/span>\n\t\t\t                                    <span class=\"ct-contact-content\">\n            \t   info@lecmat.be                <\/span>\n           <\/li>\n            <\/ul>\n\t\t<\/div>\n\t\t\t\t<\/div>\n\t\t            <\/div>\n        <\/div>\n                <div class=\"elementor-column elementor-col-50 elementor-inner-column elementor-element elementor-element-6dc78a9f\" data-id=\"6dc78a9f\" data-element_type=\"column\">\n            <div class=\"elementor-widget-wrap elementor-element-populated\">\n                        \t\t<div class=\"elementor-element elementor-element-a32b540 elementor-widget elementor-widget-ct_contact_form\" data-id=\"a32b540\" data-element_type=\"widget\" data-widget_type=\"ct_contact_form.default\">\n\t\t\t\t<div class=\"elementor-widget-container\">\n\t\t\t    <div class=\"ct-contact-form ct-contact-form-layout1 style5 \">\n    \t        <div class=\"ct-contact-form\">\n            <div role=\"form\" class=\"wpcf7\" id=\"wpcf7-f626-o1\" lang=\"en-US\" dir=\"ltr\">\n<div class=\"screen-reader-response\"><p role=\"status\" aria-live=\"polite\" aria-atomic=\"true\"><\/p> <ul><\/ul><\/div>\n<form action=\"\/index.php\/wp-json\/wp\/v2\/pages\/25#wpcf7-f626-o1\" method=\"post\" class=\"wpcf7-form init\" novalidate=\"novalidate\" data-status=\"init\">\n<div style=\"display: none;\">\n<input type=\"hidden\" name=\"_wpcf7\" value=\"626\" \/>\n<input type=\"hidden\" name=\"_wpcf7_version\" value=\"5.6.4\" \/>\n<input type=\"hidden\" name=\"_wpcf7_locale\" value=\"en_US\" \/>\n<input type=\"hidden\" name=\"_wpcf7_unit_tag\" value=\"wpcf7-f626-o1\" \/>\n<input type=\"hidden\" name=\"_wpcf7_container_post\" value=\"0\" \/>\n<input type=\"hidden\" name=\"_wpcf7_posted_data_hash\" value=\"\" \/>\n<\/div>\n<div class=\"row\">\n<div class=\"input-filled col-lg-6 col-md-6\"><label>Votre nom*<\/label><span class=\"wpcf7-form-control-wrap\" data-name=\"your-name\"><input type=\"text\" name=\"your-name\" value=\"\" size=\"40\" class=\"wpcf7-form-control wpcf7-text wpcf7-validates-as-required\" aria-required=\"true\" aria-invalid=\"false\" \/><\/span><\/div>\n<div class=\"input-filled col-lg-6 col-md-6\"><label>Votre adresse email*<\/label><span class=\"wpcf7-form-control-wrap\" data-name=\"your-email\"><input type=\"email\" name=\"your-email\" value=\"\" size=\"40\" class=\"wpcf7-form-control wpcf7-text wpcf7-email wpcf7-validates-as-required wpcf7-validates-as-email\" aria-required=\"true\" aria-invalid=\"false\" \/><\/span><\/div>\n<div class=\"input-filled col-12\"><label>Votre num\u00e9ro de t\u00e9l\u00e9phone*<\/label><span class=\"wpcf7-form-control-wrap\" data-name=\"your-phone\"><input type=\"text\" name=\"your-phone\" value=\"\" size=\"40\" class=\"wpcf7-form-control wpcf7-text wpcf7-validates-as-required\" aria-required=\"true\" aria-invalid=\"false\" \/><\/span><\/div>\n<\/div>\n<div class=\"row\">\n<div class=\"input-filled col-12\"><label>Votre message*<\/label><span class=\"wpcf7-form-control-wrap\" data-name=\"your-message\"><textarea name=\"your-message\" cols=\"40\" rows=\"10\" class=\"wpcf7-form-control wpcf7-textarea wpcf7-validates-as-required\" aria-required=\"true\" aria-invalid=\"false\"><\/textarea><\/span><\/div>\n<div class=\"input-filled col-12\"><button type=\"submit\" class=\"wpcf7-submit btn btn-secondary btn-icon-right btn-block btn-animate\"><span>Envoyer votre message<\/span><i>+<\/i><\/button><\/div>\n<\/div>\n<div class=\"wpcf7-response-output\" aria-hidden=\"true\"><\/div><\/form><\/div>        <\/div>\n    <\/div>\n\t\t<\/div>\n\t\t\t\t<\/div>\n\t\t            <\/div>\n        <\/div>\n                            <\/div>\n        <\/section>\n                    <\/div>\n        <\/div>\n                            <\/div>\n        <\/section>\n                <section class=\"elementor-section elementor-top-section elementor-element elementor-element-4c01599 elementor-section-full_width elementor-section-stretched elementor-section-height-default elementor-section-height-default\" data-id=\"4c01599\" data-element_type=\"section\" data-settings=\"{&quot;stretch_section&quot;:&quot;section-stretched&quot;}\">\n            \n                        <div class=\"elementor-container elementor-column-gap-no \">\n                    <div class=\"elementor-column elementor-col-100 elementor-top-column elementor-element elementor-element-e7ba6a5\" data-id=\"e7ba6a5\" data-element_type=\"column\">\n            <div class=\"elementor-widget-wrap elementor-element-populated\">\n                        \t\t<div class=\"elementor-element elementor-element-cacaa06 elementor-widget elementor-widget-google_maps\" data-id=\"cacaa06\" data-element_type=\"widget\" data-widget_type=\"google_maps.default\">\n\t\t\t\t<div class=\"elementor-widget-container\">\n\t\t\t\t\t<div class=\"elementor-custom-embed\">\n\t\t\t<iframe frameborder=\"0\" scrolling=\"no\" marginheight=\"0\" marginwidth=\"0\"\n\t\t\t\t\tsrc=\"https:\/\/maps.google.com\/maps?q=Chauss%C3%A9e%20Verte%2090%2C%204470%20Saint-Georges-sur-Meuse&#038;t=m&#038;z=15&#038;output=embed&#038;iwloc=near\"\n\t\t\t\t\ttitle=\"Chauss\u00e9e Verte 90, 4470 Saint-Georges-sur-Meuse\"\n\t\t\t\t\taria-label=\"Chauss\u00e9e Verte 90, 4470 Saint-Georges-sur-Meuse\"\n\t\t\t><\/iframe>\n\t\t<\/div>\n\t\t\t\t<\/div>\n\t\t\t\t<\/div>\n\t\t            <\/div>\n        <\/div>\n                            <\/div>\n        <\/section>\n        \t\t\t\t\t<\/div>\n\t\t","protected":false},"excerpt":{"rendered":"<p>Contactez-nous Besoin d\u2019une information ou d\u2019un devis sur-mesure ? Notre \u00e9quipe de professionnels reste \u00e0 votre disposition pour r\u00e9pondre \u00e0 toutes vos questions. Compl\u00e9tez le formulaire de contact ci-contre : +32 4 277 02 81 info@lecmat.be Votre nom* Votre adresse email* Votre num\u00e9ro de t\u00e9l\u00e9phone* Votre message* Envoyer votre message+<\/p>\n","protected":false},"author":1,"featured_media":0,"parent":0,"menu_order":0,"comment_status":"closed","ping_status":"closed","template":"","meta":[],"_links":{"self":[{"href":"https:\/\/www.rainbowchannel.be\/index.php\/wp-json\/wp\/v2\/pages\/25"}],"collection":[{"href":"https:\/\/www.rainbowchannel.be\/index.php\/wp-json\/wp\/v2\/pages"}],"about":[{"href":"https:\/\/www.rainbowchannel.be\/index.php\/wp-json\/wp\/v2\/types\/page"}],"author":[{"embeddable":true,"href":"https:\/\/www.rainbowchannel.be\/index.php\/wp-json\/wp\/v2\/users\/1"}],"replies":[{"embeddable":true,"href":"https:\/\/www.rainbowchannel.be\/index.php\/wp-json\/wp\/v2\/comments?post=25"}],"version-history":[{"count":55,"href":"https:\/\/www.rainbowchannel.be\/index.php\/wp-json\/wp\/v2\/pages\/25\/revisions"}],"predecessor-version":[{"id":7464,"href":"https:\/\/www.rainbowchannel.be\/index.php\/wp-json\/wp\/v2\/pages\/25\/revisions\/7464"}],"wp:attachment":[{"href":"https:\/\/www.rainbowchannel.be\/index.php\/wp-json\/wp\/v2\/media?parent=25"}],"curies":[{"name":"wp","href":"https:\/\/api.w.org\/{rel}","templated":true}]}}